{"id":322,"date":"2025-01-24T11:18:53","date_gmt":"2025-01-24T10:18:53","guid":{"rendered":"https:\/\/nanofab.xyz\/?page_id=322"},"modified":"2025-01-24T11:46:39","modified_gmt":"2025-01-24T10:46:39","slug":"home","status":"publish","type":"page","link":"https:\/\/nanofab.xyz\/","title":{"rendered":"Home"},"content":{"rendered":"<h2 class=\"wp-block-heading\">Aventure X Artisanat X Innovation<\/h2><div class=\"wp-block-group has-global-padding is-layout-constrained wp-block-group-is-layout-constrained\"><figure class=\"wp-block-image alignwide size-large has-custom-border is-style-rounded is-style-rounded--1\"><img loading=\"lazy\" decoding=\"async\" width=\"1024\" height=\"512\" src=\"https:\/\/nanofab.xyz\/wp-content\/uploads\/2024\/10\/DSCF1215-1024x512.jpg\" alt=\"\" class=\"wp-image-297\" style=\"border-style:none;border-width:0px;border-radius:26px;box-shadow:var(--wp--preset--shadow--natural)\" srcset=\"https:\/\/nanofab.xyz\/wp-content\/uploads\/2024\/10\/DSCF1215-1024x512.jpg 1024w, https:\/\/nanofab.xyz\/wp-content\/uploads\/2024\/10\/DSCF1215-300x150.jpg 300w, https:\/\/nanofab.xyz\/wp-content\/uploads\/2024\/10\/DSCF1215-768x384.jpg 768w\" sizes=\"auto, (max-width: 1024px) 100vw, 1024px\" \/><\/figure>\n\n<p><strong>Que se passe-t-il quand un artisan technophile et cycliste est frapp\u00e9 par une obsession pour cr\u00e9er le Top Tube Bag de ses r\u00eaves ?<\/strong><\/p>\n\n<p>Vous obtenez <strong>le top tube bag le plus &#8220;over-engineered&#8221;* jamais con\u00e7u<\/strong>. Des mois de tests, d\u2019ajustements et de fabrication innovante ont donn\u00e9 naissance \u00e0 un sac qui allie design, durabilit\u00e9 et plaisir d\u2019utilisation.<\/p>\n\n<p>Pilier incontournable du voyage \u00e0 v\u00e9lo, le Top Tube Bag joue un r\u00f4le essentiel : garder vos indispensables toujours \u00e0 port\u00e9e de main \u2014 alimentation, powerbank, cl\u00e9s, manchettes, lunettes, et autres petits objets pr\u00e9cieux.<\/p>\n\n<p class=\"has-text-align-center\">Pens\u00e9 pour les cyclistes qui appr\u00e9cient autant l\u2019aventure que les beaux objets, \u00e9l\u00e9gamment fabriqu\u00e9s, ce sac est pr\u00eat \u00e0 vous accompagner dans toutes vos sorties \u00e0 v\u00e9lo.<\/p>\n\n<p class=\"has-text-align-center\"><em>(* con\u00e7u avec une obsession presque d\u00e9raisonnable pour le moindre d\u00e9tail.)<\/em><\/p><\/div><figure class=\"wp-block-video\"><video height=\"1080\" style=\"aspect-ratio: 1920 \/ 1080;\" width=\"1920\" controls preload=\"auto\" src=\"http:\/\/nanofab.xyz\/wp-content\/uploads\/2024\/10\/Untitled.mp4\"><\/video><\/figure>","protected":false},"excerpt":{"rendered":"<p>Aventure X Artisanat X Innovation Que se passe-t-il quand un artisan technophile et cycliste est frapp\u00e9 par une obsession pour cr\u00e9er le Top Tube Bag de ses r\u00eaves ? Vous obtenez le top tube bag le plus &#8220;over-engineered&#8221;* jamais con\u00e7u. Des mois de tests, d\u2019ajustements et de fabrication innovante ont donn\u00e9 naissance \u00e0 un sac [&hellip;]<\/p>\n","protected":false},"author":2,"featured_media":0,"parent":0,"menu_order":0,"comment_status":"closed","ping_status":"closed","template":"page-no-title","meta":{"_eb_attr":"","footnotes":""},"class_list":["post-322","page","type-page","status-publish","hentry"],"_links":{"self":[{"href":"https:\/\/nanofab.xyz\/index.php?rest_route=\/wp\/v2\/pages\/322","targetHints":{"allow":["GET"]}}],"collection":[{"href":"https:\/\/nanofab.xyz\/index.php?rest_route=\/wp\/v2\/pages"}],"about":[{"href":"https:\/\/nanofab.xyz\/index.php?rest_route=\/wp\/v2\/types\/page"}],"author":[{"embeddable":true,"href":"https:\/\/nanofab.xyz\/index.php?rest_route=\/wp\/v2\/users\/2"}],"replies":[{"embeddable":true,"href":"https:\/\/nanofab.xyz\/index.php?rest_route=%2Fwp%2Fv2%2Fcomments&post=322"}],"version-history":[{"count":4,"href":"https:\/\/nanofab.xyz\/index.php?rest_route=\/wp\/v2\/pages\/322\/revisions"}],"predecessor-version":[{"id":334,"href":"https:\/\/nanofab.xyz\/index.php?rest_route=\/wp\/v2\/pages\/322\/revisions\/334"}],"wp:attachment":[{"href":"https:\/\/nanofab.xyz\/index.php?rest_route=%2Fwp%2Fv2%2Fmedia&parent=322"}],"curies":[{"name":"wp","href":"https:\/\/api.w.org\/{rel}","templated":true}]}}