{"id":167,"date":"2024-10-26T14:35:42","date_gmt":"2024-10-26T12:35:42","guid":{"rendered":"https:\/\/nanofab.xyz\/?page_id=167"},"modified":"2025-01-24T11:37:13","modified_gmt":"2025-01-24T10:37:13","slug":"what-is-nanofab","status":"publish","type":"page","link":"https:\/\/nanofab.xyz\/?page_id=167","title":{"rendered":"Qu&#8217;est-ce que NanoFab ?"},"content":{"rendered":"<div class=\"wp-block-cover\"><span aria-hidden=\"true\" class=\"wp-block-cover__background has-background-dim\"><\/span><img loading=\"lazy\" decoding=\"async\" width=\"1024\" height=\"1024\" class=\"wp-block-cover__image-background wp-image-185\" alt=\"\" src=\"http:\/\/nanofab.xyz\/wp-content\/uploads\/2024\/11\/20241028_161752-1024x1024.jpg\" data-object-fit=\"cover\" srcset=\"https:\/\/nanofab.xyz\/wp-content\/uploads\/2024\/11\/20241028_161752-1024x1024.jpg 1024w, https:\/\/nanofab.xyz\/wp-content\/uploads\/2024\/11\/20241028_161752-300x300.jpg 300w, https:\/\/nanofab.xyz\/wp-content\/uploads\/2024\/11\/20241028_161752-scaled-100x100.jpg 100w, https:\/\/nanofab.xyz\/wp-content\/uploads\/2024\/11\/20241028_161752-scaled-600x600.jpg 600w, https:\/\/nanofab.xyz\/wp-content\/uploads\/2024\/11\/20241028_161752-150x150.jpg 150w, https:\/\/nanofab.xyz\/wp-content\/uploads\/2024\/11\/20241028_161752-768x768.jpg 768w, https:\/\/nanofab.xyz\/wp-content\/uploads\/2024\/11\/20241028_161752-1536x1536.jpg 1536w, https:\/\/nanofab.xyz\/wp-content\/uploads\/2024\/11\/20241028_161752-2048x2048.jpg 2048w\" sizes=\"auto, (max-width: 1024px) 100vw, 1024px\" \/><div class=\"wp-block-cover__inner-container is-layout-flow wp-block-cover-is-layout-flow\"><p class=\"has-text-align-center has-large-font-size\">Un peu sur moi pour commencer<\/p><\/div><\/div><p><strong>NanoFab<\/strong>, c\u2019est (pour l\u2019instant) juste moi, <strong>Gilles Pinault<\/strong>, bas\u00e9 \u00e0 Bruxelles, avec une passion de longue date pour le v\u00e9lo et une curiosit\u00e9 insatiable pour la cr\u00e9ation et l\u2019innovation. Depuis tout petit, j\u2019ai pass\u00e9 des heures dans l\u2019atelier de mon p\u00e8re \u00e0 d\u00e9monter des v\u00e9los, les remonter, et comprendre comment tout cela fonctionnait. Cette m\u00eame curiosit\u00e9 m\u2019a accompagn\u00e9 au fil des ann\u00e9es, des Lego \u00e0 l\u2019architecture, et finalement \u00e0 la technologie (Softkinetic: r\u00e9alit\u00e9 virtuelle et analyse d&#8217;image) et l&#8217;artisanat (Micro Factory: FabLab\/coworking pour artisans).<\/p><p>J\u2019ai pass\u00e9 des ann\u00e9es \u00e0 soutenir les artisans, makers et entrepreneurs \u00e0 innover avec une fabrication locale, contemporaine  et d\u00e9centralis\u00e9e. Aujourd\u2019hui, je mets moi-m\u00eame ces id\u00e9es \u00e0 l\u2019\u00e9preuve.<\/p><h3 class=\"wp-block-heading\"><strong>NanoFab, c\u2019est quoi ?<\/strong><\/h3><p>NanoFab est mon laboratoire personnel de production locale. L\u2019id\u00e9e est simple : et si les boutiques, ateliers ou m\u00eame de petits espaces pouvaient devenir des mini-usines capables de fabriquer des produits directement l\u00e0 o\u00f9 ils sont n\u00e9cessaires ?<\/p><p>En commen\u00e7ant par des accessoires de v\u00e9lo imprim\u00e9s en 3D\u2014parce que le v\u00e9lo est une grande partie de ma vie\u2014NanoFab veut prouver qu\u2019on peut concevoir des produits utiles, bien pens\u00e9s, et durables, sans d\u00e9pendre de cha\u00eenes d\u2019approvisionnement lointaines ni de logistiques complexes.<\/p><h3 class=\"wp-block-heading\"><strong>Pourquoi c\u2019est important<\/strong><\/h3><p>La production locale, ce n\u2019est pas qu\u2019une question de proximit\u00e9 : c\u2019est aussi une mani\u00e8re de retrouver un rapport sein avec nos objets, de renouer avec une \u00e9conomie r\u00e9elle, d\u2019\u00e9conomiser des ressources et de rapprocher la fabrication des communaut\u00e9s. Je crois en un mod\u00e8le o\u00f9 produire ne signifie pas quelque chose de lointain, mais bien une activit\u00e9 ancr\u00e9e dans nos quartiers, o\u00f9 les produits r\u00e9pondent r\u00e9ellement \u00e0 des besoins locaux.<\/p><h3 class=\"wp-block-heading\"><strong>Rejoignez l\u2019aventure<\/strong><\/h3><p>NanoFab en est encore \u00e0 ses d\u00e9buts, mais la vision est claire. Si, comme moi, vous croyez en un futur o\u00f9 la production est locale, durable, et int\u00e9gr\u00e9e \u00e0 nos vies quotidiennes, je serais ravi que vous me rejoigniez. Que vous soyez cycliste, propri\u00e9taire de magasin ou simplement curieux, explorons ensemble ce que la fabrication locale peut vraiment accomplir.<\/p><p><\/p>","protected":false},"excerpt":{"rendered":"<p>NanoFab, c\u2019est (pour l\u2019instant) juste moi, Gilles Pinault, bas\u00e9 \u00e0 Bruxelles, avec une passion de longue date pour le v\u00e9lo et une curiosit\u00e9 insatiable pour la cr\u00e9ation et l\u2019innovation. Depuis tout petit, j\u2019ai pass\u00e9 des heures dans l\u2019atelier de mon p\u00e8re \u00e0 d\u00e9monter des v\u00e9los, les remonter, et comprendre comment tout cela fonctionnait. Cette m\u00eame [&hellip;]<\/p>\n","protected":false},"author":2,"featured_media":0,"parent":0,"menu_order":1,"comment_status":"closed","ping_status":"closed","template":"","meta":{"_eb_attr":"","footnotes":""},"class_list":["post-167","page","type-page","status-publish","hentry"],"_links":{"self":[{"href":"https:\/\/nanofab.xyz\/index.php?rest_route=\/wp\/v2\/pages\/167","targetHints":{"allow":["GET"]}}],"collection":[{"href":"https:\/\/nanofab.xyz\/index.php?rest_route=\/wp\/v2\/pages"}],"about":[{"href":"https:\/\/nanofab.xyz\/index.php?rest_route=\/wp\/v2\/types\/page"}],"author":[{"embeddable":true,"href":"https:\/\/nanofab.xyz\/index.php?rest_route=\/wp\/v2\/users\/2"}],"replies":[{"embeddable":true,"href":"https:\/\/nanofab.xyz\/index.php?rest_route=%2Fwp%2Fv2%2Fcomments&post=167"}],"version-history":[{"count":10,"href":"https:\/\/nanofab.xyz\/index.php?rest_route=\/wp\/v2\/pages\/167\/revisions"}],"predecessor-version":[{"id":308,"href":"https:\/\/nanofab.xyz\/index.php?rest_route=\/wp\/v2\/pages\/167\/revisions\/308"}],"wp:attachment":[{"href":"https:\/\/nanofab.xyz\/index.php?rest_route=%2Fwp%2Fv2%2Fmedia&parent=167"}],"curies":[{"name":"wp","href":"https:\/\/api.w.org\/{rel}","templated":true}]}}